{"id":34,"date":"2025-09-26T12:06:51","date_gmt":"2025-09-26T12:06:51","guid":{"rendered":"https:\/\/praxis-kinea.ch\/?page_id=34"},"modified":"2025-09-26T18:50:17","modified_gmt":"2025-09-26T18:50:17","slug":"prasis-fuer-kinesologie-zug","status":"publish","type":"page","link":"https:\/\/praxis-kinea.ch\/","title":{"rendered":"Praxis Kinea &#8211; Esther Spillmann-Santschi &#8211; Praxis f\u00fcr Kinesologie"},"content":{"rendered":"\t\t<div data-elementor-type=\"wp-post\" data-elementor-id=\"34\" class=\"elementor elementor-34\">\n\t\t\t\t<div class=\"elementor-element elementor-element-e6ff227 e-flex e-con-boxed e-con e-parent\" data-id=\"e6ff227\" data-element_type=\"container\" data-settings=\"{&quot;background_background&quot;:&quot;slideshow&quot;,&quot;background_slideshow_gallery&quot;:[{&quot;id&quot;:233,&quot;url&quot;:&quot;https:\\\/\\\/praxis-kinea.ch\\\/wp-content\\\/uploads\\\/2025\\\/09\\\/file_00000000aee062438d63590f5d78fe03-2.jpg&quot;}],&quot;background_slideshow_ken_burns&quot;:&quot;yes&quot;,&quot;background_slideshow_ken_burns_zoom_direction&quot;:&quot;out&quot;,&quot;background_slideshow_loop&quot;:&quot;yes&quot;,&quot;background_slideshow_slide_duration&quot;:5000,&quot;background_slideshow_slide_transition&quot;:&quot;fade&quot;,&quot;background_slideshow_transition_duration&quot;:500}\">\n\t\t\t\t\t<div class=\"e-con-inner\">\n\t\t\t\t<div class=\"elementor-element elementor-element-a2e7264 elementor-widget elementor-widget-heading\" data-id=\"a2e7264\" data-element_type=\"widget\" data-widget_type=\"heading.default\">\n\t\t\t\t\t<h2 class=\"elementor-heading-title elementor-size-default\">KINEA<\/h2>\t\t\t\t<\/div>\n\t\t\t\t<div class=\"elementor-element elementor-element-a1b75f6 elementor-widget elementor-widget-text-editor\" data-id=\"a1b75f6\" data-element_type=\"widget\" data-widget_type=\"text-editor.default\">\n\t\t\t\t\t\t\t\t\t<p>PRAXIS F\u00dcR KINESOLOGIE &amp; AURA TECHNIK<\/p>\t\t\t\t\t\t\t\t<\/div>\n\t\t\t\t\t<\/div>\n\t\t\t\t<\/div>\n\t\t<div class=\"elementor-element elementor-element-0fb33ca e-flex e-con-boxed e-con e-parent\" data-id=\"0fb33ca\" data-element_type=\"container\">\n\t\t\t\t\t<div class=\"e-con-inner\">\n\t\t\t\t<div class=\"elementor-element elementor-element-4897ec6 elementor-widget-divider--view-line elementor-widget elementor-widget-divider\" data-id=\"4897ec6\" data-element_type=\"widget\" data-widget_type=\"divider.default\">\n\t\t\t\t\t\t\t<div class=\"elementor-divider\">\n\t\t\t<span class=\"elementor-divider-separator\">\n\t\t\t\t\t\t<\/span>\n\t\t<\/div>\n\t\t\t\t\t\t<\/div>\n\t\t\t\t<div class=\"elementor-element elementor-element-f33f2b3 elementor-widget elementor-widget-text-editor\" data-id=\"f33f2b3\" data-element_type=\"widget\" data-widget_type=\"text-editor.default\">\n\t\t\t\t\t\t\t\t\t<p>ESTHER SPILLMANN-SANTSCHI<\/p>\t\t\t\t\t\t\t\t<\/div>\n\t\t\t\t<div class=\"elementor-element elementor-element-1c72815 elementor-widget elementor-widget-text-editor\" data-id=\"1c72815\" data-element_type=\"widget\" data-widget_type=\"text-editor.default\">\n\t\t\t\t\t\t\t\t\t<p>dipl. Kinesologin<\/p>\t\t\t\t\t\t\t\t<\/div>\n\t\t<div class=\"elementor-element elementor-element-82f9a58 e-grid e-con-full e-con e-child\" data-id=\"82f9a58\" data-element_type=\"container\" data-settings=\"{&quot;background_background&quot;:&quot;classic&quot;}\">\n\t\t\t\t<div class=\"elementor-element elementor-element-4f1d373 elementor-widget elementor-widget-text-editor\" data-id=\"4f1d373\" data-element_type=\"widget\" data-widget_type=\"text-editor.default\">\n\t\t\t\t\t\t\t\t\t<p>&#171;F\u00fcr mich ist es das Sch\u00f6nste zu sehen, wie eine Person wieder zu ihrer St\u00e4rke und Kraft kommt und ich diese Ver\u00e4nderung begleiten darf.&#187;<\/p>\t\t\t\t\t\t\t\t<\/div>\n\t\t\t\t<div class=\"elementor-element elementor-element-67e2c4f elementor-widget elementor-widget-image\" data-id=\"67e2c4f\" data-element_type=\"widget\" data-widget_type=\"image.default\">\n\t\t\t\t\t\t\t\t\t\t\t\t\t\t\t<img fetchpriority=\"high\" decoding=\"async\" width=\"300\" height=\"300\" src=\"https:\/\/praxis-kinea.ch\/wp-content\/uploads\/2025\/09\/esther_spillmann-3-300x300.jpg\" class=\"attachment-medium size-medium wp-image-220\" alt=\"\" srcset=\"https:\/\/praxis-kinea.ch\/wp-content\/uploads\/2025\/09\/esther_spillmann-3-300x300.jpg 300w, https:\/\/praxis-kinea.ch\/wp-content\/uploads\/2025\/09\/esther_spillmann-3-1024x1024.jpg 1024w, https:\/\/praxis-kinea.ch\/wp-content\/uploads\/2025\/09\/esther_spillmann-3-150x150.jpg 150w, https:\/\/praxis-kinea.ch\/wp-content\/uploads\/2025\/09\/esther_spillmann-3-768x768.jpg 768w, https:\/\/praxis-kinea.ch\/wp-content\/uploads\/2025\/09\/esther_spillmann-3-1536x1536.jpg 1536w, https:\/\/praxis-kinea.ch\/wp-content\/uploads\/2025\/09\/esther_spillmann-3.jpg 2048w\" sizes=\"(max-width: 300px) 100vw, 300px\" \/>\t\t\t\t\t\t\t\t\t\t\t\t\t\t\t<\/div>\n\t\t\t\t<\/div>\n\t\t\t\t<div class=\"elementor-element elementor-element-eceefc9 elementor-widget-divider--view-line elementor-widget elementor-widget-divider\" data-id=\"eceefc9\" data-element_type=\"widget\" data-widget_type=\"divider.default\">\n\t\t\t\t\t\t\t<div class=\"elementor-divider\">\n\t\t\t<span class=\"elementor-divider-separator\">\n\t\t\t\t\t\t<\/span>\n\t\t<\/div>\n\t\t\t\t\t\t<\/div>\n\t\t\t\t<div class=\"elementor-element elementor-element-f6fc9b7 elementor-widget elementor-widget-text-editor\" data-id=\"f6fc9b7\" data-element_type=\"widget\" data-widget_type=\"text-editor.default\">\n\t\t\t\t\t\t\t\t\t<p>KINESOLOGIE<\/p>\t\t\t\t\t\t\t\t<\/div>\n\t\t\t\t<div class=\"elementor-element elementor-element-c406ef9 elementor-widget elementor-widget-text-editor\" data-id=\"c406ef9\" data-element_type=\"widget\" data-widget_type=\"text-editor.default\">\n\t\t\t\t\t\t\t\t\t<p>ist eine Methode, die in jeder Lebenslage zur Anwendung kommen kann<\/p>\t\t\t\t\t\t\t\t<\/div>\n\t\t\t\t<div class=\"elementor-element elementor-element-1c5c522 elementor-widget elementor-widget-text-editor\" data-id=\"1c5c522\" data-element_type=\"widget\" data-widget_type=\"text-editor.default\">\n\t\t\t\t\t\t\t\t\t<p>Die Kinesiologie ist eine ganzheitliche, sanfte und l\u00f6sungsorientierte Methode der Komplement\u00e4rtherapie, in der die verschiedensten Ans\u00e4tze der Gesundheitslehren aus aller Welt zur Anwendung kommen.<\/p><p>So nutzen wir das Wissen und die Weisheit der Chinesischen Medizin, der indischen Chakren, sowie die der westlichen Chiropraktik und vieles mehr.<br \/>Dazu wende ich Klangtherapie, Bl\u00fctentherapie, Aura Therapie und viele weitere Methoden als Korrekturen an, die ich w\u00e4hrend meiner langj\u00e4hrigen T\u00e4tigkeit erlernt habe.<\/p><p>\u00a0<\/p>\t\t\t\t\t\t\t\t<\/div>\n\t\t\t\t<div class=\"elementor-element elementor-element-4a3bab4 elementor-widget-divider--view-line elementor-widget elementor-widget-divider\" data-id=\"4a3bab4\" data-element_type=\"widget\" data-widget_type=\"divider.default\">\n\t\t\t\t\t\t\t<div class=\"elementor-divider\">\n\t\t\t<span class=\"elementor-divider-separator\">\n\t\t\t\t\t\t<\/span>\n\t\t<\/div>\n\t\t\t\t\t\t<\/div>\n\t\t\t\t<div class=\"elementor-element elementor-element-9ff21ab elementor-widget elementor-widget-text-editor\" data-id=\"9ff21ab\" data-element_type=\"widget\" data-widget_type=\"text-editor.default\">\n\t\t\t\t\t\t\t\t\t<p>MEINE BEHANDLUNGEN<\/p>\t\t\t\t\t\t\t\t<\/div>\n\t\t\t\t\t<\/div>\n\t\t\t\t<\/div>\n\t\t<div class=\"elementor-element elementor-element-b1f2fc8 e-flex e-con-boxed e-con e-parent\" data-id=\"b1f2fc8\" data-element_type=\"container\">\n\t\t\t\t\t<div class=\"e-con-inner\">\n\t\t<div class=\"elementor-element elementor-element-a11698f e-grid e-con-boxed e-con e-child\" data-id=\"a11698f\" data-element_type=\"container\" data-settings=\"{&quot;background_background&quot;:&quot;classic&quot;}\">\n\t\t\t\t\t<div class=\"e-con-inner\">\n\t\t\t\t<div class=\"elementor-element elementor-element-f4ce54c elementor-widget elementor-widget-text-editor\" data-id=\"f4ce54c\" data-element_type=\"widget\" data-widget_type=\"text-editor.default\">\n\t\t\t\t\t\t\t\t\t<p><span style=\"font-size: 19.4022px;\">\u00a0<\/span><\/p><p><span style=\"font-size: 19.4022px; text-wrap-mode: initial; letter-spacing: -0.1px;\"><b>ANGEWANTE KINESOLOGIE (APPLIED)<\/b><\/span><\/p><p>Das Ziel ist die Aufl\u00f6sung von Blockaden und Stress aller Art. Der Mensch wird in seinem Gleichgewicht unterst\u00fctzt, damit er sein Potential wieder optimal nutzen kann. Die Selbstheilungskr\u00e4fte werden angeregt. So kommt der Mensch wieder in seine Mitte und in seine Harmonie.<\/p><p>Der Muskeltest ist das Kommunikationsmittel in der Kinesiologie. Dabei werden individuelle Stressmuster erkannt, so dass jede Behandlung exakt auf den Klienten abgestimmt ist.<\/p>\t\t\t\t\t\t\t\t<\/div>\n\t\t\t\t<div class=\"elementor-element elementor-element-10e4252 elementor-widget elementor-widget-image\" data-id=\"10e4252\" data-element_type=\"widget\" data-widget_type=\"image.default\">\n\t\t\t\t\t\t\t\t\t\t\t\t\t\t\t<img decoding=\"async\" width=\"1024\" height=\"576\" src=\"https:\/\/praxis-kinea.ch\/wp-content\/uploads\/2025\/09\/Kinesiologie_shutterstock_2293966997_0-1024x576.jpg\" class=\"attachment-large size-large wp-image-160\" alt=\"\" srcset=\"https:\/\/praxis-kinea.ch\/wp-content\/uploads\/2025\/09\/Kinesiologie_shutterstock_2293966997_0-1024x576.jpg 1024w, https:\/\/praxis-kinea.ch\/wp-content\/uploads\/2025\/09\/Kinesiologie_shutterstock_2293966997_0-768x432.jpg 768w\" sizes=\"(max-width: 1024px) 100vw, 1024px\" \/>\t\t\t\t\t\t\t\t\t\t\t\t\t\t\t<\/div>\n\t\t\t\t\t<\/div>\n\t\t\t\t<\/div>\n\t\t<div class=\"elementor-element elementor-element-39593ae e-grid e-con-full e-con e-child\" data-id=\"39593ae\" data-element_type=\"container\" data-settings=\"{&quot;background_background&quot;:&quot;classic&quot;}\">\n\t\t\t\t<div class=\"elementor-element elementor-element-1f73232 elementor-widget elementor-widget-text-editor\" data-id=\"1f73232\" data-element_type=\"widget\" data-widget_type=\"text-editor.default\">\n\t\t\t\t\t\t\t\t\t<p><span style=\"font-size: 19.4022px;\">\u00a0<\/span><\/p><p><span style=\"font-size: 19.4022px; text-wrap-mode: initial; letter-spacing: -0.1px;\"><b>AURA TECHNIK<\/b><\/span><\/p><p><span style=\"font-size: 19.4022px; text-wrap-mode: initial; letter-spacing: -0.1px;\">Als ausgebildete und diplomierte Aura Technikerin wende ich auch diese Therapie an, die mir viele neue Ans\u00e4tze bietet.<\/span><\/p>\t\t\t\t\t\t\t\t<\/div>\n\t\t\t\t<div class=\"elementor-element elementor-element-0b1ab0e elementor-widget elementor-widget-image\" data-id=\"0b1ab0e\" data-element_type=\"widget\" data-widget_type=\"image.default\">\n\t\t\t\t\t\t\t\t\t\t\t\t\t\t\t<img decoding=\"async\" width=\"1024\" height=\"1024\" src=\"https:\/\/praxis-kinea.ch\/wp-content\/uploads\/2025\/09\/188A4923-2-1024x1024.jpg\" class=\"attachment-large size-large wp-image-210\" alt=\"\" srcset=\"https:\/\/praxis-kinea.ch\/wp-content\/uploads\/2025\/09\/188A4923-2-1024x1024.jpg 1024w, https:\/\/praxis-kinea.ch\/wp-content\/uploads\/2025\/09\/188A4923-2-300x300.jpg 300w, https:\/\/praxis-kinea.ch\/wp-content\/uploads\/2025\/09\/188A4923-2-150x150.jpg 150w, https:\/\/praxis-kinea.ch\/wp-content\/uploads\/2025\/09\/188A4923-2-768x768.jpg 768w, https:\/\/praxis-kinea.ch\/wp-content\/uploads\/2025\/09\/188A4923-2-1536x1536.jpg 1536w, https:\/\/praxis-kinea.ch\/wp-content\/uploads\/2025\/09\/188A4923-2.jpg 2048w\" sizes=\"(max-width: 1024px) 100vw, 1024px\" \/>\t\t\t\t\t\t\t\t\t\t\t\t\t\t\t<\/div>\n\t\t\t\t<\/div>\n\t\t<div class=\"elementor-element elementor-element-af690e6 e-grid e-con-boxed e-con e-child\" data-id=\"af690e6\" data-element_type=\"container\" data-settings=\"{&quot;background_background&quot;:&quot;classic&quot;}\">\n\t\t\t\t\t<div class=\"e-con-inner\">\n\t\t\t\t<div class=\"elementor-element elementor-element-7a54562 elementor-widget elementor-widget-text-editor\" data-id=\"7a54562\" data-element_type=\"widget\" data-widget_type=\"text-editor.default\">\n\t\t\t\t\t\t\t\t\t<p><span style=\"font-size: 19.4022px;\">\u00a0<\/span><\/p><p><span style=\"font-size: 19.4022px; letter-spacing: -0.1px; text-wrap-mode: initial;\"><b>L\u00d6SUNG VON INNEREN BLOKADEN &amp; \u00c4NGSTEN<\/b><\/span><\/p><p><span style=\"font-size: 19.4022px;\">Die Kinesologie bietet die M\u00f6glichkeit innere Blockaden zu l\u00f6sen, Pr\u00fcfungs\u00e4ngste zu \u00fcberwinden oder einen besseren Umgang mit seinen \u00c4ngsten zu finden.<\/span><\/p>\t\t\t\t\t\t\t\t<\/div>\n\t\t\t\t<div class=\"elementor-element elementor-element-a32f31e elementor-widget elementor-widget-image\" data-id=\"a32f31e\" data-element_type=\"widget\" data-widget_type=\"image.default\">\n\t\t\t\t\t\t\t\t\t\t\t\t\t\t\t<img loading=\"lazy\" decoding=\"async\" width=\"1024\" height=\"1024\" src=\"https:\/\/praxis-kinea.ch\/wp-content\/uploads\/2025\/09\/188A4900-4-1024x1024.jpg\" class=\"attachment-large size-large wp-image-205\" alt=\"\" srcset=\"https:\/\/praxis-kinea.ch\/wp-content\/uploads\/2025\/09\/188A4900-4-1024x1024.jpg 1024w, https:\/\/praxis-kinea.ch\/wp-content\/uploads\/2025\/09\/188A4900-4-300x300.jpg 300w, https:\/\/praxis-kinea.ch\/wp-content\/uploads\/2025\/09\/188A4900-4-150x150.jpg 150w, https:\/\/praxis-kinea.ch\/wp-content\/uploads\/2025\/09\/188A4900-4-768x768.jpg 768w, https:\/\/praxis-kinea.ch\/wp-content\/uploads\/2025\/09\/188A4900-4-1536x1536.jpg 1536w, https:\/\/praxis-kinea.ch\/wp-content\/uploads\/2025\/09\/188A4900-4.jpg 2048w\" sizes=\"(max-width: 1024px) 100vw, 1024px\" \/>\t\t\t\t\t\t\t\t\t\t\t\t\t\t\t<\/div>\n\t\t\t\t\t<\/div>\n\t\t\t\t<\/div>\n\t\t\t\t\t<\/div>\n\t\t\t\t<\/div>\n\t\t<div class=\"elementor-element elementor-element-fab0d18 e-flex e-con-boxed e-con e-parent\" data-id=\"fab0d18\" data-element_type=\"container\">\n\t\t\t\t\t<div class=\"e-con-inner\">\n\t\t\t\t<div class=\"elementor-element elementor-element-3dde094 elementor-widget-divider--view-line elementor-widget elementor-widget-divider\" data-id=\"3dde094\" data-element_type=\"widget\" data-widget_type=\"divider.default\">\n\t\t\t\t\t\t\t<div class=\"elementor-divider\">\n\t\t\t<span class=\"elementor-divider-separator\">\n\t\t\t\t\t\t<\/span>\n\t\t<\/div>\n\t\t\t\t\t\t<\/div>\n\t\t\t\t<div class=\"elementor-element elementor-element-67bb0d1 elementor-widget elementor-widget-text-editor\" data-id=\"67bb0d1\" data-element_type=\"widget\" data-widget_type=\"text-editor.default\">\n\t\t\t\t\t\t\t\t\t<p>MEINE PRAXIS \/ KONTAKT<\/p>\t\t\t\t\t\t\t\t<\/div>\n\t\t<div class=\"elementor-element elementor-element-71002f3 e-con-full e-grid e-con e-child\" data-id=\"71002f3\" data-element_type=\"container\">\n\t\t\t\t<div class=\"elementor-element elementor-element-af40695 elementor-widget elementor-widget-text-editor\" data-id=\"af40695\" data-element_type=\"widget\" data-widget_type=\"text-editor.default\">\n\t\t\t\t\t\t\t\t\t<p><\/p>\n<p>Besuchen Sie mich gerne in meiner Praxis in Hagendorn im Kanton Zug:<\/p><p>Esther Spillmann-Santschi<br>Bachtalen 8<br>6332 Hagendorn<br>T: 041 780 42 58<br>M. 079 590 42 58<\/p>\n<p><span style=\"letter-spacing: -0.1px;\">Kontaktieren Sie mich gerne telefonisch und wir besprechen Ihr Anliegen in einem unverbindlichen Gespr\u00e4ch.<\/span><\/p>\t\t\t\t\t\t\t\t<\/div>\n\t\t\t\t<div class=\"elementor-element elementor-element-2ee1d67 elementor-widget elementor-widget-image\" data-id=\"2ee1d67\" data-element_type=\"widget\" data-widget_type=\"image.default\">\n\t\t\t\t\t\t\t\t\t\t\t\t\t\t\t<img loading=\"lazy\" decoding=\"async\" width=\"768\" height=\"768\" src=\"https:\/\/praxis-kinea.ch\/wp-content\/uploads\/2025\/09\/188A4910-6-768x768.jpg\" class=\"attachment-medium_large size-medium_large wp-image-237\" alt=\"\" srcset=\"https:\/\/praxis-kinea.ch\/wp-content\/uploads\/2025\/09\/188A4910-6-768x768.jpg 768w, https:\/\/praxis-kinea.ch\/wp-content\/uploads\/2025\/09\/188A4910-6-300x300.jpg 300w, https:\/\/praxis-kinea.ch\/wp-content\/uploads\/2025\/09\/188A4910-6-1024x1024.jpg 1024w, https:\/\/praxis-kinea.ch\/wp-content\/uploads\/2025\/09\/188A4910-6-150x150.jpg 150w, https:\/\/praxis-kinea.ch\/wp-content\/uploads\/2025\/09\/188A4910-6-1536x1536.jpg 1536w, https:\/\/praxis-kinea.ch\/wp-content\/uploads\/2025\/09\/188A4910-6.jpg 2048w\" sizes=\"(max-width: 768px) 100vw, 768px\" \/>\t\t\t\t\t\t\t\t\t\t\t\t\t\t\t<\/div>\n\t\t\t\t<\/div>\n\t\t\t\t\t<\/div>\n\t\t\t\t<\/div>\n\t\t<div class=\"elementor-element elementor-element-d00bea3 e-flex e-con-boxed e-con e-parent\" data-id=\"d00bea3\" data-element_type=\"container\">\n\t\t\t\t\t<div class=\"e-con-inner\">\n\t\t\t\t<div class=\"elementor-element elementor-element-447b069 elementor-widget-divider--view-line elementor-widget elementor-widget-divider\" data-id=\"447b069\" data-element_type=\"widget\" data-widget_type=\"divider.default\">\n\t\t\t\t\t\t\t<div class=\"elementor-divider\">\n\t\t\t<span class=\"elementor-divider-separator\">\n\t\t\t\t\t\t<\/span>\n\t\t<\/div>\n\t\t\t\t\t\t<\/div>\n\t\t\t\t<div class=\"elementor-element elementor-element-738ca9a elementor-widget elementor-widget-text-editor\" data-id=\"738ca9a\" data-element_type=\"widget\" data-widget_type=\"text-editor.default\">\n\t\t\t\t\t\t\t\t\t<p>\u00dcBER MICH<\/p>\t\t\t\t\t\t\t\t<\/div>\n\t\t\t\t<div class=\"elementor-element elementor-element-0cd5196 elementor-widget elementor-widget-text-editor\" data-id=\"0cd5196\" data-element_type=\"widget\" data-widget_type=\"text-editor.default\">\n\t\t\t\t\t\t\t\t\t<p>Meine Ausbildungen:<\/p>\n<p>Diplomierte Kinesologin (Krankenkassen-anerkannt)<br>Diplomierte Aura Technikering<br>P\u00e4dagogin<br>Feng-Shui Beraterin<br>Innendekorateurin<br>Mutter &amp; Grossmutter<\/p>\t\t\t\t\t\t\t\t<\/div>\n\t\t\t\t<div class=\"elementor-element elementor-element-de2518b elementor-widget elementor-widget-spacer\" data-id=\"de2518b\" data-element_type=\"widget\" data-widget_type=\"spacer.default\">\n\t\t\t\t\t\t\t<div class=\"elementor-spacer\">\n\t\t\t<div class=\"elementor-spacer-inner\"><\/div>\n\t\t<\/div>\n\t\t\t\t\t\t<\/div>\n\t\t\t\t<div class=\"elementor-element elementor-element-780a6d3 elementor-widget elementor-widget-text-editor\" data-id=\"780a6d3\" data-element_type=\"widget\" data-widget_type=\"text-editor.default\">\n\t\t\t\t\t\t\t\t\t<p>All rights reserved by KINEA<\/p>\t\t\t\t\t\t\t\t<\/div>\n\t\t\t\t\t<\/div>\n\t\t\t\t<\/div>\n\t\t\t\t<\/div>\n\t\t","protected":false},"excerpt":{"rendered":"<p>KINEA PRAXIS F\u00dcR KINESOLOGIE &amp; AURA TECHNIK ESTHER SPILLMANN-SANTSCHI dipl. Kinesologin &#171;F\u00fcr mich ist es das Sch\u00f6nste zu sehen, wie eine Person wieder zu ihrer St\u00e4rke und Kraft kommt und ich diese Ver\u00e4nderung begleiten darf.&#187; KINESOLOGIE ist eine Methode, die in jeder Lebenslage zur Anwendung kommen kann Die Kinesiologie ist eine ganzheitliche, sanfte und l\u00f6sungsorientierte [&hellip;]<\/p>\n","protected":false},"author":1,"featured_media":0,"parent":0,"menu_order":0,"comment_status":"closed","ping_status":"closed","template":"elementor_canvas","meta":{"footnotes":""},"class_list":["post-34","page","type-page","status-publish","hentry"],"_links":{"self":[{"href":"https:\/\/praxis-kinea.ch\/index.php\/wp-json\/wp\/v2\/pages\/34","targetHints":{"allow":["GET"]}}],"collection":[{"href":"https:\/\/praxis-kinea.ch\/index.php\/wp-json\/wp\/v2\/pages"}],"about":[{"href":"https:\/\/praxis-kinea.ch\/index.php\/wp-json\/wp\/v2\/types\/page"}],"author":[{"embeddable":true,"href":"https:\/\/praxis-kinea.ch\/index.php\/wp-json\/wp\/v2\/users\/1"}],"replies":[{"embeddable":true,"href":"https:\/\/praxis-kinea.ch\/index.php\/wp-json\/wp\/v2\/comments?post=34"}],"version-history":[{"count":198,"href":"https:\/\/praxis-kinea.ch\/index.php\/wp-json\/wp\/v2\/pages\/34\/revisions"}],"predecessor-version":[{"id":264,"href":"https:\/\/praxis-kinea.ch\/index.php\/wp-json\/wp\/v2\/pages\/34\/revisions\/264"}],"wp:attachment":[{"href":"https:\/\/praxis-kinea.ch\/index.php\/wp-json\/wp\/v2\/media?parent=34"}],"curies":[{"name":"wp","href":"https:\/\/api.w.org\/{rel}","templated":true}]}}